{"id":83977,"date":"2020-06-15T15:08:44","date_gmt":"2020-06-15T15:08:44","guid":{"rendered":"https:\/\/flexpack.es\/contactar\/"},"modified":"2022-02-01T13:54:43","modified_gmt":"2022-02-01T13:54:43","slug":"contact-us","status":"publish","type":"page","link":"https:\/\/flexpack.es\/en\/contact-us\/","title":{"rendered":"Contact Us"},"content":{"rendered":"<p>[vc_row row_height_percent=&#8221;0&#8243; override_padding=&#8221;yes&#8221; h_padding=&#8221;2&#8243; top_padding=&#8221;5&#8243; bottom_padding=&#8221;3&#8243; overlay_alpha=&#8221;50&#8243; gutter_size=&#8221;3&#8243; column_width_percent=&#8221;100&#8243; shift_y=&#8221;0&#8243; z_index=&#8221;0&#8243;][vc_column column_width_percent=&#8221;100&#8243; align_horizontal=&#8221;align_center&#8221; gutter_size=&#8221;3&#8243; overlay_alpha=&#8221;50&#8243; shift_x=&#8221;0&#8243; shift_y=&#8221;0&#8243; shift_y_down=&#8221;0&#8243; z_index=&#8221;0&#8243; medium_width=&#8221;0&#8243; mobile_width=&#8221;0&#8243; width=&#8221;1\/1&#8243;][vc_row_inner][vc_column_inner column_width_percent=&#8221;100&#8243; align_horizontal=&#8221;align_center&#8221; gutter_size=&#8221;3&#8243; overlay_alpha=&#8221;50&#8243; shift_x=&#8221;0&#8243; shift_y=&#8221;0&#8243; shift_y_down=&#8221;0&#8243; z_index=&#8221;0&#8243; medium_width=&#8221;0&#8243; mobile_width=&#8221;0&#8243; width=&#8221;1\/3&#8243;][vc_icon icon=&#8221;fa fa-map-pin&#8221; icon_color=&#8221;color-vyce&#8221; size=&#8221;fa-3x&#8221; text_font=&#8221;font-329340&#8243; text_size=&#8221;h6&#8243; text_weight=&#8221;400&#8243; title=&#8221;Avinguda del Mogent, 266-268 08450 Llinars del Vall\u00e8s \u00b7 Barcelona (Spain)&#8221;][\/vc_icon][\/vc_column_inner][vc_column_inner column_width_percent=&#8221;100&#8243; align_horizontal=&#8221;align_center&#8221; gutter_size=&#8221;3&#8243; overlay_alpha=&#8221;50&#8243; shift_x=&#8221;0&#8243; shift_y=&#8221;0&#8243; shift_y_down=&#8221;0&#8243; z_index=&#8221;0&#8243; medium_width=&#8221;0&#8243; mobile_width=&#8221;0&#8243; width=&#8221;1\/3&#8243;][vc_icon icon=&#8221;fa fa-mobile2&#8243; icon_color=&#8221;color-vyce&#8221; size=&#8221;fa-3x&#8221; text_font=&#8221;font-329340&#8243; text_size=&#8221;h6&#8243; text_weight=&#8221;400&#8243; title=&#8221;+34 931 598 000&#8243;][\/vc_icon][\/vc_column_inner][vc_column_inner column_width_percent=&#8221;100&#8243; align_horizontal=&#8221;align_center&#8221; gutter_size=&#8221;3&#8243; overlay_alpha=&#8221;50&#8243; shift_x=&#8221;0&#8243; shift_y=&#8221;0&#8243; shift_y_down=&#8221;0&#8243; z_index=&#8221;0&#8243; medium_width=&#8221;0&#8243; mobile_width=&#8221;0&#8243; width=&#8221;1\/3&#8243;][vc_icon icon=&#8221;fa fa-envelope2&#8243; icon_color=&#8221;color-vyce&#8221; size=&#8221;fa-3x&#8221; text_font=&#8221;font-329340&#8243; text_size=&#8221;h6&#8243; text_weight=&#8221;400&#8243; title=&#8221;info@flexpack.es&#8221;][\/vc_icon][\/vc_column_inner][\/vc_row_inner][vc_empty_space empty_h=&#8221;0&#8243;][vc_column_text]<iframe style=\"border: 0;\" src=\"https:\/\/www.google.com\/maps\/embed?pb=!1m18!1m12!1m3!1d2982.3392857280487!2d2.3709930161525175!3d41.62679718908064!2m3!1f0!2f0!3f0!3m2!1i1024!2i768!4f13.1!3m3!1m2!1s0x12a4c9653301955b%3A0x921b914db2fd947a!2sAv.%20del%20Mogent%2C%20266%2C%20268%2C%2008450%20Llinars%20del%20Vall%C3%A8s%2C%20Barcelona!5e0!3m2!1sca!2ses!4v1643723615532!5m2!1sca!2ses\" width=\"100%\" height=\"450\" allowfullscreen=\"allowfullscreen\"><\/iframe>[\/vc_column_text][\/vc_column][\/vc_row][vc_row row_height_percent=&#8221;0&#8243; override_padding=&#8221;yes&#8221; h_padding=&#8221;2&#8243; top_padding=&#8221;1&#8243; bottom_padding=&#8221;5&#8243; overlay_alpha=&#8221;100&#8243; gutter_size=&#8221;100&#8243; column_width_percent=&#8221;100&#8243; shift_y=&#8221;0&#8243; z_index=&#8221;0&#8243; style=&#8221;inherited&#8221;][vc_column column_width_use_pixel=&#8221;yes&#8221; align_horizontal=&#8221;align_center&#8221; gutter_size=&#8221;3&#8243; overlay_alpha=&#8221;100&#8243; shift_x=&#8221;0&#8243; shift_y=&#8221;0&#8243; shift_y_down=&#8221;0&#8243; z_index=&#8221;0&#8243; medium_width=&#8221;100&#8243; mobile_width=&#8221;0&#8243; zoom_width=&#8221;0&#8243; zoom_height=&#8221;0&#8243; width=&#8221;1\/1&#8243; column_width_pixel=&#8221;900&#8243;][vc_row_inner row_inner_height_percent=&#8221;0&#8243; overlay_alpha=&#8221;100&#8243; gutter_size=&#8221;3&#8243; shift_y=&#8221;0&#8243;][vc_column_inner column_width_use_pixel=&#8221;yes&#8221; align_horizontal=&#8221;align_center&#8221; gutter_size=&#8221;3&#8243; overlay_alpha=&#8221;100&#8243; shift_x=&#8221;0&#8243; shift_y=&#8221;0&#8243; shift_y_down=&#8221;0&#8243; z_index=&#8221;0&#8243; medium_width=&#8221;0&#8243; mobile_width=&#8221;0&#8243; zoom_width=&#8221;0&#8243; zoom_height=&#8221;0&#8243; width=&#8221;1\/1&#8243; column_width_pixel=&#8221;600&#8243;][vc_custom_heading heading_semantic=&#8221;h3&#8243; text_font=&#8221;font-329340&#8243; text_size=&#8221;h1&#8243; text_weight=&#8221;400&#8243; text_color=&#8221;color-482803&#8243; sub_lead=&#8221;yes&#8221; sub_reduced=&#8221;yes&#8221; text_align=&#8221;text-center&#8221; subheading=&#8221;Complete this form and we will contact you as soon as possible.&#8221;]Contact with Flexpack[\/vc_custom_heading][\/vc_column_inner][\/vc_row_inner]<div role=\"form\" class=\"wpcf7\" id=\"wpcf7-f84702-o1\" lang=\"en-US\" dir=\"ltr\">\n<div class=\"screen-reader-response\"><p role=\"status\" aria-live=\"polite\" aria-atomic=\"true\"><\/p> <ul><\/ul><\/div>\n<form action=\"\/en\/wp-json\/wp\/v2\/pages\/83977#wpcf7-f84702-o1\" method=\"post\" class=\"wpcf7-form init\" novalidate=\"novalidate\" data-status=\"init\">\n<div style=\"display: none;\">\n<input type=\"hidden\" name=\"_wpcf7\" value=\"84702\" \/>\n<input type=\"hidden\" name=\"_wpcf7_version\" value=\"5.4\" \/>\n<input type=\"hidden\" name=\"_wpcf7_locale\" value=\"en_US\" \/>\n<input type=\"hidden\" name=\"_wpcf7_unit_tag\" value=\"wpcf7-f84702-o1\" \/>\n<input type=\"hidden\" name=\"_wpcf7_container_post\" value=\"0\" \/>\n<input type=\"hidden\" name=\"_wpcf7_posted_data_hash\" value=\"\" \/>\n<input type=\"hidden\" name=\"_wpcf7_recaptcha_response\" value=\"\" \/>\n<\/div>\n<p><span class=\"wpcf7-form-control-wrap your-fullname\"><input type=\"text\" name=\"your-fullname\" value=\"\" size=\"40\" class=\"wpcf7-form-control wpcf7-text wpcf7-validates-as-required form-fluid\" aria-required=\"true\" aria-invalid=\"false\" placeholder=\"Your Name\" \/><\/span><\/p>\n<div class=\"wpcf7-inline-wrapper\">\n<p class=\"wpcf7-inline-field\"><span class=\"wpcf7-form-control-wrap your-email\"><input type=\"email\" name=\"your-email\" value=\"\" size=\"40\" class=\"wpcf7-form-control wpcf7-text wpcf7-email wpcf7-validates-as-required wpcf7-validates-as-email\" aria-required=\"true\" aria-invalid=\"false\" placeholder=\"Email\" \/><\/span> <\/p>\n<p class=\"wpcf7-inline-field\"><span class=\"wpcf7-form-control-wrap your-telephone\"><input type=\"text\" name=\"your-telephone\" value=\"\" size=\"40\" class=\"wpcf7-form-control wpcf7-text wpcf7-validates-as-required form-fluid\" aria-required=\"true\" aria-invalid=\"false\" placeholder=\"Phone\" \/><\/span> <\/p>\n<\/div>\n<p><span class=\"wpcf7-form-control-wrap your-message\"><textarea name=\"your-message\" cols=\"40\" rows=\"8\" class=\"wpcf7-form-control wpcf7-textarea\" aria-invalid=\"false\" placeholder=\"Message\"><\/textarea><\/span> <\/p>\n<p><center>\n<span class=\"wpcf7-form-control-wrap recaptcha\"><span data-sitekey=\"6LdlUDsaAAAAAFwsh3nS7tqSLFCepLrPT5I5ru_8\" class=\"wpcf7-form-control g-recaptcha wpcf7-recaptcha\"><\/span>\r\n<noscript>\r\n\t<div class=\"grecaptcha-noscript\">\r\n\t\t<iframe src=\"https:\/\/www.google.com\/recaptcha\/api\/fallback?k=6LdlUDsaAAAAAFwsh3nS7tqSLFCepLrPT5I5ru_8\" frameborder=\"0\" scrolling=\"no\" width=\"310\" height=\"430\">\r\n\t\t<\/iframe>\r\n\t\t<textarea name=\"g-recaptcha-response\" rows=\"3\" cols=\"40\" placeholder=\"reCaptcha Response Here\">\r\n\t\t<\/textarea>\r\n\t<\/div>\r\n<\/noscript>\r\n<\/span>\n<p><\/center><br \/>\n<span class=\"wpcf7-form-control-wrap accept-this-1\"><span class=\"wpcf7-form-control wpcf7-acceptance\"><span class=\"wpcf7-list-item\"><label><input type=\"checkbox\" name=\"accept-this-1\" value=\"1\" aria-invalid=\"false\" \/><span class=\"wpcf7-list-item-label\">He le\u00eddo y acepto la <a href=\"https:\/\/flexpack.es\/en\/privacy-policy\/\">Pol\u00edtica de privacidad<\/a><\/span><\/label><\/span><\/span><\/span><\/p>\n<p><input type=\"submit\" value=\"Send\" class=\"wpcf7-form-control wpcf7-submit btn btn-accent\" \/><\/p>\n<input type='hidden' class='wpcf7-pum' value='{\"closepopup\":false,\"closedelay\":0,\"openpopup\":false,\"openpopup_id\":0}' \/><div class=\"wpcf7-response-output\" aria-hidden=\"true\"><\/div><\/form><\/div>[\/vc_column][\/vc_row]<\/p>\n","protected":false},"excerpt":{"rendered":"<p>[vc_row row_height_percent=&#8221;0&#8243; override_padding=&#8221;yes&#8221; h_padding=&#8221;2&#8243; top_padding=&#8221;5&#8243; bottom_padding=&#8221;3&#8243; overlay_alpha=&#8221;50&#8243; gutter_size=&#8221;3&#8243; column_width_percent=&#8221;100&#8243; shift_y=&#8221;0&#8243; z_index=&#8221;0&#8243;][vc_column column_width_percent=&#8221;100&#8243; align_horizontal=&#8221;align_center&#8221; gutter_size=&#8221;3&#8243; overlay_alpha=&#8221;50&#8243; shift_x=&#8221;0&#8243; shift_y=&#8221;0&#8243; shift_y_down=&#8221;0&#8243; z_index=&#8221;0&#8243; medium_width=&#8221;0&#8243; [&hellip;]<\/p>\n","protected":false},"author":1,"featured_media":0,"parent":0,"menu_order":0,"comment_status":"closed","ping_status":"closed","template":"","meta":[],"yoast_head":"<!-- This site is optimized with the Yoast SEO plugin v16.0.2 - https:\/\/yoast.com\/wordpress\/plugins\/seo\/ -->\n<title>Flexpack | Contact Us<\/title>\n<meta name=\"description\" content=\"Especialistas en el dise\u00f1o, fabricaci\u00f3n y puesta en servicio de m\u00e1quinas horizontales para el formado y dosificado de envases flexibles.\" \/>\n<link rel=\"canonical\" href=\"https:\/\/flexpack.es\/en\/contact-us\/\" \/>\n<meta property=\"og:locale\" content=\"en_US\" \/>\n<meta property=\"og:type\" content=\"article\" \/>\n<meta property=\"og:title\" content=\"Flexpack | Contact Us\" \/>\n<meta property=\"og:description\" content=\"Especialistas en el dise\u00f1o, fabricaci\u00f3n y puesta en servicio de m\u00e1quinas horizontales para el formado y dosificado de envases flexibles.\" \/>\n<meta property=\"og:url\" content=\"https:\/\/flexpack.es\/en\/contact-us\/\" \/>\n<meta property=\"og:site_name\" content=\"Flexpack\" \/>\n<meta property=\"article:modified_time\" content=\"2022-02-01T13:54:43+00:00\" \/>\n<meta name=\"twitter:card\" content=\"summary_large_image\" \/>\n<meta name=\"twitter:label1\" content=\"Est. reading time\">\n\t<meta name=\"twitter:data1\" content=\"1 minute\">\n<script type=\"application\/ld+json\" class=\"yoast-schema-graph\">{\"@context\":\"https:\/\/schema.org\",\"@graph\":[{\"@type\":\"Organization\",\"@id\":\"https:\/\/flexpack.es\/#organization\",\"name\":\"Flexpack\",\"url\":\"https:\/\/flexpack.es\/\",\"sameAs\":[],\"logo\":{\"@type\":\"ImageObject\",\"@id\":\"https:\/\/flexpack.es\/#logo\",\"inLanguage\":\"en-US\",\"url\":\"https:\/\/flexpack.es\/wp-content\/uploads\/2020\/06\/flexpack-logo.svg\",\"caption\":\"Flexpack\"},\"image\":{\"@id\":\"https:\/\/flexpack.es\/#logo\"}},{\"@type\":\"WebSite\",\"@id\":\"https:\/\/flexpack.es\/#website\",\"url\":\"https:\/\/flexpack.es\/\",\"name\":\"Flexpack\",\"description\":\"Flexible Packaging Machines\",\"publisher\":{\"@id\":\"https:\/\/flexpack.es\/#organization\"},\"potentialAction\":[{\"@type\":\"SearchAction\",\"target\":\"https:\/\/flexpack.es\/?s={search_term_string}\",\"query-input\":\"required name=search_term_string\"}],\"inLanguage\":\"en-US\"},{\"@type\":\"WebPage\",\"@id\":\"https:\/\/flexpack.es\/en\/contact-us\/#webpage\",\"url\":\"https:\/\/flexpack.es\/en\/contact-us\/\",\"name\":\"Flexpack | Contact Us\",\"isPartOf\":{\"@id\":\"https:\/\/flexpack.es\/#website\"},\"datePublished\":\"2020-06-15T15:08:44+00:00\",\"dateModified\":\"2022-02-01T13:54:43+00:00\",\"description\":\"Especialistas en el dise\\u00f1o, fabricaci\\u00f3n y puesta en servicio de m\\u00e1quinas horizontales para el formado y dosificado de envases flexibles.\",\"breadcrumb\":{\"@id\":\"https:\/\/flexpack.es\/en\/contact-us\/#breadcrumb\"},\"inLanguage\":\"en-US\",\"potentialAction\":[{\"@type\":\"ReadAction\",\"target\":[\"https:\/\/flexpack.es\/en\/contact-us\/\"]}]},{\"@type\":\"BreadcrumbList\",\"@id\":\"https:\/\/flexpack.es\/en\/contact-us\/#breadcrumb\",\"itemListElement\":[{\"@type\":\"ListItem\",\"position\":1,\"item\":{\"@type\":\"WebPage\",\"@id\":\"https:\/\/flexpack.es\/en\/\",\"url\":\"https:\/\/flexpack.es\/en\/\",\"name\":\"Portada\"}},{\"@type\":\"ListItem\",\"position\":2,\"item\":{\"@type\":\"WebPage\",\"@id\":\"https:\/\/flexpack.es\/en\/contact-us\/\",\"url\":\"https:\/\/flexpack.es\/en\/contact-us\/\",\"name\":\"Contact Us\"}}]}]}<\/script>\n<!-- \/ Yoast SEO plugin. -->","_links":{"self":[{"href":"https:\/\/flexpack.es\/en\/wp-json\/wp\/v2\/pages\/83977"}],"collection":[{"href":"https:\/\/flexpack.es\/en\/wp-json\/wp\/v2\/pages"}],"about":[{"href":"https:\/\/flexpack.es\/en\/wp-json\/wp\/v2\/types\/page"}],"author":[{"embeddable":true,"href":"https:\/\/flexpack.es\/en\/wp-json\/wp\/v2\/users\/1"}],"replies":[{"embeddable":true,"href":"https:\/\/flexpack.es\/en\/wp-json\/wp\/v2\/comments?post=83977"}],"version-history":[{"count":8,"href":"https:\/\/flexpack.es\/en\/wp-json\/wp\/v2\/pages\/83977\/revisions"}],"predecessor-version":[{"id":84712,"href":"https:\/\/flexpack.es\/en\/wp-json\/wp\/v2\/pages\/83977\/revisions\/84712"}],"wp:attachment":[{"href":"https:\/\/flexpack.es\/en\/wp-json\/wp\/v2\/media?parent=83977"}],"curies":[{"name":"wp","href":"https:\/\/api.w.org\/{rel}","templated":true}]}}